{"id":437796,"date":"2018-09-08T11:53:32","date_gmt":"2018-09-08T15:53:32","guid":{"rendered":"https:\/\/dev.abt-conduent.com\/?page_id=437796"},"modified":"2025-04-04T10:52:15","modified_gmt":"2025-04-04T14:52:15","slug":"conduent-homepage-2-3-3","status":"publish","type":"page","link":"https:\/\/dev.abt-conduent.com\/pt-br\/","title":{"rendered":"Conduent Homepage"},"content":{"rendered":"<p>A set passenger flow gates<\/p>\n","protected":false},"excerpt":{"rendered":"<p>A set passenger flow gates<\/p>\n","protected":false},"author":59,"featured_media":439898,"parent":0,"menu_order":0,"comment_status":"closed","ping_status":"closed","template":"page-acf.php","meta":{"_acf_changed":false,"footnotes":""},"class_list":["post-437796","page","type-page","status-publish","has-post-thumbnail","hentry"],"acf":[],"yoast_head":"<!-- This site is optimized with the Yoast SEO plugin v27.3 - https:\/\/yoast.com\/product\/yoast-seo-wordpress\/ -->\n<title>Servi\u00e7os e solu\u00e7\u00f5es de miss\u00e3o cr\u00edtica - Conduent<\/title>\n<meta name=\"robots\" content=\"index, follow, max-snippet:-1, max-image-preview:large, max-video-preview:-1\" \/>\n<link rel=\"canonical\" href=\"https:\/\/dev.abt-conduent.com\/pt-br\/\" \/>\n<meta property=\"og:locale\" content=\"pt_BR\" \/>\n<meta property=\"og:type\" content=\"article\" \/>\n<meta property=\"og:title\" content=\"Servi\u00e7os e solu\u00e7\u00f5es de miss\u00e3o cr\u00edtica - Conduent\" \/>\n<meta property=\"og:description\" content=\"A set passenger flow gates\" \/>\n<meta property=\"og:url\" content=\"https:\/\/dev.abt-conduent.com\/pt-br\/\" \/>\n<meta property=\"og:site_name\" content=\"Conduent\" \/>\n<meta property=\"article:publisher\" content=\"https:\/\/www.facebook.com\/Conduent\" \/>\n<meta property=\"article:modified_time\" content=\"2025-04-04T14:52:15+00:00\" \/>\n<meta property=\"og:image\" content=\"https:\/\/dev.abt-conduent.com\/wp-content\/uploads\/2024\/12\/Homepage-featured-image.png\" \/>\n\t<meta property=\"og:image:width\" content=\"669\" \/>\n\t<meta property=\"og:image:height\" content=\"477\" \/>\n\t<meta property=\"og:image:type\" content=\"image\/png\" \/>\n<meta name=\"twitter:card\" content=\"summary_large_image\" \/>\n<meta name=\"twitter:site\" content=\"@Conduent\" \/>\n<meta name=\"twitter:label1\" content=\"Est. reading time\" \/>\n\t<meta name=\"twitter:data1\" content=\"1 minute\" \/>\n<script type=\"application\/ld+json\" class=\"yoast-schema-graph\">{\"@context\":\"https:\\\/\\\/schema.org\",\"@graph\":[{\"@type\":\"WebPage\",\"@id\":\"https:\\\/\\\/dev.abt-conduent.com\\\/pt-br\\\/\",\"url\":\"https:\\\/\\\/dev.abt-conduent.com\\\/pt-br\\\/\",\"name\":\"Servi\u00e7os e solu\u00e7\u00f5es de miss\u00e3o cr\u00edtica - Conduent\",\"isPartOf\":{\"@id\":\"https:\\\/\\\/dev.abt-conduent.com\\\/pt-br\\\/#website\"},\"primaryImageOfPage\":{\"@id\":\"https:\\\/\\\/dev.abt-conduent.com\\\/pt-br\\\/#primaryimage\"},\"image\":{\"@id\":\"https:\\\/\\\/dev.abt-conduent.com\\\/pt-br\\\/#primaryimage\"},\"thumbnailUrl\":\"https:\\\/\\\/dev.abt-conduent.com\\\/wp-content\\\/uploads\\\/2024\\\/12\\\/Homepage-featured-image.png\",\"datePublished\":\"2018-09-08T15:53:32+00:00\",\"dateModified\":\"2025-04-04T14:52:15+00:00\",\"inLanguage\":\"pt-BR\",\"potentialAction\":[{\"@type\":\"ReadAction\",\"target\":[\"https:\\\/\\\/dev.abt-conduent.com\\\/pt-br\\\/\"]}]},{\"@type\":\"ImageObject\",\"inLanguage\":\"pt-BR\",\"@id\":\"https:\\\/\\\/dev.abt-conduent.com\\\/pt-br\\\/#primaryimage\",\"url\":\"https:\\\/\\\/dev.abt-conduent.com\\\/wp-content\\\/uploads\\\/2024\\\/12\\\/Homepage-featured-image.png\",\"contentUrl\":\"https:\\\/\\\/dev.abt-conduent.com\\\/wp-content\\\/uploads\\\/2024\\\/12\\\/Homepage-featured-image.png\",\"width\":669,\"height\":477},{\"@type\":\"WebSite\",\"@id\":\"https:\\\/\\\/dev.abt-conduent.com\\\/pt-br\\\/#website\",\"url\":\"https:\\\/\\\/dev.abt-conduent.com\\\/pt-br\\\/\",\"name\":\"Conduent\",\"description\":\"\",\"potentialAction\":[{\"@type\":\"SearchAction\",\"target\":{\"@type\":\"EntryPoint\",\"urlTemplate\":\"https:\\\/\\\/dev.abt-conduent.com\\\/pt-br\\\/?s={search_term_string}\"},\"query-input\":{\"@type\":\"PropertyValueSpecification\",\"valueRequired\":true,\"valueName\":\"search_term_string\"}}],\"inLanguage\":\"pt-BR\"}]}<\/script>\n<!-- \/ Yoast SEO plugin. -->","yoast_head_json":{"title":"Servi\u00e7os e solu\u00e7\u00f5es de miss\u00e3o cr\u00edtica - Conduent","robots":{"index":"index","follow":"follow","max-snippet":"max-snippet:-1","max-image-preview":"max-image-preview:large","max-video-preview":"max-video-preview:-1"},"canonical":"https:\/\/dev.abt-conduent.com\/pt-br\/","og_locale":"pt_BR","og_type":"article","og_title":"Servi\u00e7os e solu\u00e7\u00f5es de miss\u00e3o cr\u00edtica - Conduent","og_description":"A set passenger flow gates","og_url":"https:\/\/dev.abt-conduent.com\/pt-br\/","og_site_name":"Conduent","article_publisher":"https:\/\/www.facebook.com\/Conduent","article_modified_time":"2025-04-04T14:52:15+00:00","og_image":[{"width":669,"height":477,"url":"https:\/\/dev.abt-conduent.com\/wp-content\/uploads\/2024\/12\/Homepage-featured-image.png","type":"image\/png"}],"twitter_card":"summary_large_image","twitter_site":"@Conduent","twitter_misc":{"Est. reading time":"1 minute"},"schema":{"@context":"https:\/\/schema.org","@graph":[{"@type":"WebPage","@id":"https:\/\/dev.abt-conduent.com\/pt-br\/","url":"https:\/\/dev.abt-conduent.com\/pt-br\/","name":"Servi\u00e7os e solu\u00e7\u00f5es de miss\u00e3o cr\u00edtica - Conduent","isPartOf":{"@id":"https:\/\/dev.abt-conduent.com\/pt-br\/#website"},"primaryImageOfPage":{"@id":"https:\/\/dev.abt-conduent.com\/pt-br\/#primaryimage"},"image":{"@id":"https:\/\/dev.abt-conduent.com\/pt-br\/#primaryimage"},"thumbnailUrl":"https:\/\/dev.abt-conduent.com\/wp-content\/uploads\/2024\/12\/Homepage-featured-image.png","datePublished":"2018-09-08T15:53:32+00:00","dateModified":"2025-04-04T14:52:15+00:00","inLanguage":"pt-BR","potentialAction":[{"@type":"ReadAction","target":["https:\/\/dev.abt-conduent.com\/pt-br\/"]}]},{"@type":"ImageObject","inLanguage":"pt-BR","@id":"https:\/\/dev.abt-conduent.com\/pt-br\/#primaryimage","url":"https:\/\/dev.abt-conduent.com\/wp-content\/uploads\/2024\/12\/Homepage-featured-image.png","contentUrl":"https:\/\/dev.abt-conduent.com\/wp-content\/uploads\/2024\/12\/Homepage-featured-image.png","width":669,"height":477},{"@type":"WebSite","@id":"https:\/\/dev.abt-conduent.com\/pt-br\/#website","url":"https:\/\/dev.abt-conduent.com\/pt-br\/","name":"Conduent","description":"","potentialAction":[{"@type":"SearchAction","target":{"@type":"EntryPoint","urlTemplate":"https:\/\/dev.abt-conduent.com\/pt-br\/?s={search_term_string}"},"query-input":{"@type":"PropertyValueSpecification","valueRequired":true,"valueName":"search_term_string"}}],"inLanguage":"pt-BR"}]}},"_links":{"self":[{"href":"https:\/\/dev.abt-conduent.com\/pt-br\/wp-json\/wp\/v2\/pages\/437796","targetHints":{"allow":["GET"]}}],"collection":[{"href":"https:\/\/dev.abt-conduent.com\/pt-br\/wp-json\/wp\/v2\/pages"}],"about":[{"href":"https:\/\/dev.abt-conduent.com\/pt-br\/wp-json\/wp\/v2\/types\/page"}],"author":[{"embeddable":true,"href":"https:\/\/dev.abt-conduent.com\/pt-br\/wp-json\/wp\/v2\/users\/59"}],"replies":[{"embeddable":true,"href":"https:\/\/dev.abt-conduent.com\/pt-br\/wp-json\/wp\/v2\/comments?post=437796"}],"version-history":[{"count":7,"href":"https:\/\/dev.abt-conduent.com\/pt-br\/wp-json\/wp\/v2\/pages\/437796\/revisions"}],"predecessor-version":[{"id":450224,"href":"https:\/\/dev.abt-conduent.com\/pt-br\/wp-json\/wp\/v2\/pages\/437796\/revisions\/450224"}],"wp:featuredmedia":[{"embeddable":true,"href":"https:\/\/dev.abt-conduent.com\/pt-br\/wp-json\/wp\/v2\/media\/439898"}],"wp:attachment":[{"href":"https:\/\/dev.abt-conduent.com\/pt-br\/wp-json\/wp\/v2\/media?parent=437796"}],"curies":[{"name":"wp","href":"https:\/\/api.w.org\/{rel}","templated":true}]}}